{"id":3390,"date":"2023-06-08T18:13:13","date_gmt":"2023-06-08T18:13:13","guid":{"rendered":"https:\/\/special-boards.com\/?post_type=product&#038;p=3390"},"modified":"2025-10-31T11:15:24","modified_gmt":"2025-10-31T11:15:24","slug":"kempo-arnis-skate-limited-edition-copy","status":"publish","type":"product","link":"https:\/\/special-boards.com\/sk\/shop\/special-boards\/collaborations\/kempo-arnis-skate-limited-edition-copy\/","title":{"rendered":"KEMPO ARNIS SKATE (Limited Edition)"},"content":{"rendered":"<p>Rolko katero smo naredili v limitirani seriji je narejena iz najbolj kakovsotnih materialov ( 7 plasti kanadskega javorja). Dizajn rolke poudarja veli\u010dastni \u00a0zmaj, ki predstavlja mo\u010d, energijo in sre\u010do v azijski tradiciji. Sam legendarni Bruce Lee je po kitajskem znamnju zmaj in kot po naklju\u010dju sta ustanovitelja znamk Borut ( Kempo Arnis) in Bohanel ( Special Boards) tudi zmaja\u00a0<span class=\"x3nfvp2 x1j61x8r x1fcty0u xdj266r xhhsvwb xat24cr xgzva0m xxymvpz xlup9mm x1kky2od\"><img decoding=\"async\" src=\"https:\/\/static.xx.fbcdn.net\/images\/emoji.php\/v9\/t4c\/1\/16\/1f642.png\" alt=\"\ud83d\ude42\" width=\"16\" height=\"16\" \/><\/span><\/p>\n<p>Rolka je sestavljena iz vrhunskih koles Shark Wheels, ki naredijo vo\u017enjo bistveno bolj gladko voze\u010do na grobih povr\u0161inah. Na zgornji strani kjer stojimo ima lasersko vgravirane pismenke ( kempo arnis ). Rolka je primerna za za\u010detnike kot za profesionalce. Tovrstna oblika rolke omogo\u010da izvedbo trikov in u\u010denje le teh, lahko se jo uporabi kot prevozno sredstvo za v \u0161olo ali za na trening; ni prevelika in ni premajhna. Lahko pa le slu\u017ei kot notranji ornament v va\u0161em stanovanju \ud83d\ude42<\/p>","protected":false},"excerpt":{"rendered":"<p><strong>LIMITED EDITION for 25 years of Kempo Arnis\u00a0<\/strong><\/p>\n<p>Osebni prevzem je mo\u017een od 17.6.2023 \u00a0v NM in LJ s predhodnim dogovorom na +38670569930.<\/p>\n<ul>\n<li>Limited quantities available<\/li>\n<li>Handcrafted &amp; unique design<\/li>\n<li>140mm Aluminium Core trucks<\/li>\n<li>ABEC 9 bearings with inbuilt spacers and washers,<\/li>\n<li>60 mm Shark Wheels ( the best performnig wheels over rough terrain)<\/li>\n<li>Size (Length 32.5&#8221; (82,5 cm), Width 10&#8221; (25 cm), WB : 14.2&#8221; (36 cm )<\/li>\n<li>Black laser engraved KEMPO ARNIS \u00a0grip tape<\/li>\n<li>Inspired by Japanese traditional Martial arts<\/li>\n<\/ul>","protected":false},"featured_media":3386,"comment_status":"closed","ping_status":"closed","template":"","meta":{"om_disable_all_campaigns":false,"_monsterinsights_skip_tracking":false,"_monsterinsights_sitenote_active":false,"_monsterinsights_sitenote_note":"","_monsterinsights_sitenote_category":0},"product_brand":[],"product_cat":[25,35,33,64,63,31,20],"product_tag":[],"class_list":{"0":"post-3390","1":"product","2":"type-product","3":"status-publish","4":"has-post-thumbnail","6":"product_cat-boards","7":"product_cat-collaborations","8":"product_cat-cruisers","9":"product_cat-garage-sale","10":"product_cat-skateboard-deck","11":"product_cat-skateboards","12":"product_cat-special-boards","13":"wpbf-post","16":"onbackorder","17":"sale","18":"shipping-taxable","19":"purchasable","20":"product-type-variable","21":"has-default-attributes"},"aioseo_notices":[],"_links":{"self":[{"href":"https:\/\/special-boards.com\/sk\/wp-json\/wp\/v2\/product\/3390","targetHints":{"allow":["GET"]}}],"collection":[{"href":"https:\/\/special-boards.com\/sk\/wp-json\/wp\/v2\/product"}],"about":[{"href":"https:\/\/special-boards.com\/sk\/wp-json\/wp\/v2\/types\/product"}],"replies":[{"embeddable":true,"href":"https:\/\/special-boards.com\/sk\/wp-json\/wp\/v2\/comments?post=3390"}],"wp:featuredmedia":[{"embeddable":true,"href":"https:\/\/special-boards.com\/sk\/wp-json\/wp\/v2\/media\/3386"}],"wp:attachment":[{"href":"https:\/\/special-boards.com\/sk\/wp-json\/wp\/v2\/media?parent=3390"}],"wp:term":[{"taxonomy":"product_brand","embeddable":true,"href":"https:\/\/special-boards.com\/sk\/wp-json\/wp\/v2\/product_brand?post=3390"},{"taxonomy":"product_cat","embeddable":true,"href":"https:\/\/special-boards.com\/sk\/wp-json\/wp\/v2\/product_cat?post=3390"},{"taxonomy":"product_tag","embeddable":true,"href":"https:\/\/special-boards.com\/sk\/wp-json\/wp\/v2\/product_tag?post=3390"}],"curies":[{"name":"wp","href":"https:\/\/api.w.org\/{rel}","templated":true}]}}