{"id":3017,"date":"2022-08-10T08:23:50","date_gmt":"2022-08-10T08:23:50","guid":{"rendered":"https:\/\/special-boards.com\/?post_type=product&#038;p=3017"},"modified":"2026-01-30T17:03:59","modified_gmt":"2026-01-30T17:03:59","slug":"the-goodwill-surfer","status":"publish","type":"product","link":"https:\/\/special-boards.com\/gr\/shop\/special-boards\/collaborations\/the-goodwill-surfer\/","title":{"rendered":"The Goodwill Surfer"},"content":{"rendered":"<p>Imamo le 3 na zalogi!<\/p>\n<p>The GOODWILL SURFER; je rolka s katero boste ustvarjali nepozabne trenutke, razlagali va\u0161im prijateljem kako delujejo kole\u0161\u010dka Shark Wheels in jih navdu\u0161evali s sistemom Surfskate. Namenjena je tistim, ki so za\u010detniki in tistim, ki \u017ee obvladajo rolkanje. Struktura \u00a0rolke je narejena iz kakovostnega javorja in poskrbi za odli\u010dno pro\u017enost, kon\u010dni sloj rolke je poudarjen s\u00a0kombinacijo hrasta in oreha.<\/p>\n<p>&nbsp;<\/p>\n<p>GOODWILL x SPECIAL BOARDS zdru\u017euje 100% ro\u010dna izdelava v Sloveniji in predvsem dobravolja!<\/p>\n<p>Nakup vsebuje:<\/p>\n<p>&#8211; komplet surfskate GOODWILL SURFER<\/p>\n<p>&nbsp;<\/p>","protected":false},"excerpt":{"rendered":"<p>&#8211; komplet surfskate GOODWILL SURFER by Bohanel Boards<\/p>\n<ul>\n<li>Size: 33&#8221; x 10&#8221; \/ wb: 17&#8221;<\/li>\n<li>72mm Shark Wheels<\/li>\n<li>158mm Surf Trucks ( Carver CX )<\/li>\n<li>abec9 Bearings<\/li>\n<li>black grip tape &#8221;Shaka&#8221;<\/li>\n<\/ul>\n<ul>\n<li><a href=\"https:\/\/www.goodwill.si\/\">GOODWILL\u00a0<\/a><\/li>\n<\/ul>","protected":false},"featured_media":11495,"comment_status":"open","ping_status":"closed","template":"","meta":{"om_disable_all_campaigns":false,"_monsterinsights_skip_tracking":false,"_monsterinsights_sitenote_active":false,"_monsterinsights_sitenote_note":"","_monsterinsights_sitenote_category":0},"product_brand":[],"product_cat":[25,35,20,34],"product_tag":[],"class_list":{"0":"post-3017","1":"product","2":"type-product","3":"status-publish","4":"has-post-thumbnail","6":"product_cat-boards","7":"product_cat-collaborations","8":"product_cat-special-boards","9":"product_cat-surfskates","10":"wpbf-post","13":"instock","14":"sale","15":"featured","16":"shipping-taxable","17":"purchasable","18":"product-type-simple"},"aioseo_notices":[],"_links":{"self":[{"href":"https:\/\/special-boards.com\/gr\/wp-json\/wp\/v2\/product\/3017","targetHints":{"allow":["GET"]}}],"collection":[{"href":"https:\/\/special-boards.com\/gr\/wp-json\/wp\/v2\/product"}],"about":[{"href":"https:\/\/special-boards.com\/gr\/wp-json\/wp\/v2\/types\/product"}],"replies":[{"embeddable":true,"href":"https:\/\/special-boards.com\/gr\/wp-json\/wp\/v2\/comments?post=3017"}],"wp:featuredmedia":[{"embeddable":true,"href":"https:\/\/special-boards.com\/gr\/wp-json\/wp\/v2\/media\/11495"}],"wp:attachment":[{"href":"https:\/\/special-boards.com\/gr\/wp-json\/wp\/v2\/media?parent=3017"}],"wp:term":[{"taxonomy":"product_brand","embeddable":true,"href":"https:\/\/special-boards.com\/gr\/wp-json\/wp\/v2\/product_brand?post=3017"},{"taxonomy":"product_cat","embeddable":true,"href":"https:\/\/special-boards.com\/gr\/wp-json\/wp\/v2\/product_cat?post=3017"},{"taxonomy":"product_tag","embeddable":true,"href":"https:\/\/special-boards.com\/gr\/wp-json\/wp\/v2\/product_tag?post=3017"}],"curies":[{"name":"wp","href":"https:\/\/api.w.org\/{rel}","templated":true}]}}