{"id":11101,"date":"2024-11-15T08:33:28","date_gmt":"2024-11-15T08:33:28","guid":{"rendered":"https:\/\/special-boards.com\/?post_type=product&#038;p=11101"},"modified":"2025-11-28T12:01:46","modified_gmt":"2025-11-28T12:01:46","slug":"bohanel-t-shirt-borealis-green-bonuses-new","status":"publish","type":"product","link":"https:\/\/special-boards.com\/en\/shop\/clothing\/retro-collection\/bohanel-t-shirt-borealis-green-bonuses-new\/","title":{"rendered":"T-shirt Borealis Green (NEW)"},"content":{"rendered":"<p><strong>#1. Bohanel Boards<\/strong> majce z novim prenovljenim logotom, Tisk spredaj in zadaj, majca iz premium 100% organskega bomba\u017ea s prelivnim efektom. Tiskan logo na spodnji levi strani z Bohanel Boards notranjim label-om. Na voljo v 3 barvah (Ocean blue, Sunset pink, Borealis green)<\/p>\n<p><strong>Velikosti so v cm:<\/strong><\/p>\n<p><img fetchpriority=\"high\" decoding=\"async\" class=\"alignleft wp-image-11091 \" src=\"http:\/\/special-boards.com\/wp-content\/uploads\/2024\/11\/Screenshot-2024-11-15-at-09.22.34-1024x337.png\" alt=\"\" width=\"584\" height=\"192\" srcset=\"https:\/\/special-boards.com\/wp-content\/uploads\/2024\/11\/Screenshot-2024-11-15-at-09.22.34-1024x337.png 1024w, https:\/\/special-boards.com\/wp-content\/uploads\/2024\/11\/Screenshot-2024-11-15-at-09.22.34-800x264.png 800w, https:\/\/special-boards.com\/wp-content\/uploads\/2024\/11\/Screenshot-2024-11-15-at-09.22.34-300x99.png 300w, https:\/\/special-boards.com\/wp-content\/uploads\/2024\/11\/Screenshot-2024-11-15-at-09.22.34-768x253.png 768w, https:\/\/special-boards.com\/wp-content\/uploads\/2024\/11\/Screenshot-2024-11-15-at-09.22.34.png 1360w\" sizes=\"(max-width: 584px) 100vw, 584px\" \/><\/p>\n<p>&nbsp;<\/p>\n<p>&nbsp;<\/p>\n<p>&nbsp;<\/p>\n<p>&nbsp;<\/p>\n<p>&nbsp;<\/p>\n<p>&nbsp;<\/p>\n<p><strong>Nega:<\/strong><\/p>\n<p>Ker si \u017eelimo da bi na\u0161e majce nosili \u010dim dlje vam svetujemo:<\/p>\n<ul>\n<li>Prati na max 40\u00b0C<\/li>\n<li>Obrnjeno narobe.<\/li>\n<li>Uporaba su\u0161ilnega stroja ni priporo\u010dljiva.<\/li>\n<\/ul>\n","protected":false},"excerpt":{"rendered":"<p>#1. Bohanel Boards majce z novim prenovljenim logotom, Tisk spredaj in zadaj, majca iz premium 100% organskega bomba\u017ea s prelivnim efektom. Tiskan logo na spodnji levi strani z Bohanel Boards notranjim label-om. Na voljo v 3 barvah (Ocean blue, Sunset pink, Borealis green) Velikosti so v cm: &nbsp; &nbsp; &nbsp; &nbsp; &nbsp; &nbsp; Nega: Ker [&hellip;]<\/p>\n","protected":false},"featured_media":11251,"comment_status":"closed","ping_status":"closed","template":"","meta":{"om_disable_all_campaigns":false,"_monsterinsights_skip_tracking":false,"_monsterinsights_sitenote_active":false,"_monsterinsights_sitenote_note":"","_monsterinsights_sitenote_category":0},"product_brand":[],"product_cat":[19,91],"product_tag":[],"class_list":{"0":"post-11101","1":"product","2":"type-product","3":"status-publish","4":"has-post-thumbnail","6":"product_cat-clothing","7":"product_cat-retro-collection","8":"wpbf-post","11":"instock","12":"sale","13":"featured","14":"shipping-taxable","15":"purchasable","16":"product-type-variable"},"aioseo_notices":[],"_links":{"self":[{"href":"https:\/\/special-boards.com\/en\/wp-json\/wp\/v2\/product\/11101","targetHints":{"allow":["GET"]}}],"collection":[{"href":"https:\/\/special-boards.com\/en\/wp-json\/wp\/v2\/product"}],"about":[{"href":"https:\/\/special-boards.com\/en\/wp-json\/wp\/v2\/types\/product"}],"replies":[{"embeddable":true,"href":"https:\/\/special-boards.com\/en\/wp-json\/wp\/v2\/comments?post=11101"}],"wp:featuredmedia":[{"embeddable":true,"href":"https:\/\/special-boards.com\/en\/wp-json\/wp\/v2\/media\/11251"}],"wp:attachment":[{"href":"https:\/\/special-boards.com\/en\/wp-json\/wp\/v2\/media?parent=11101"}],"wp:term":[{"taxonomy":"product_brand","embeddable":true,"href":"https:\/\/special-boards.com\/en\/wp-json\/wp\/v2\/product_brand?post=11101"},{"taxonomy":"product_cat","embeddable":true,"href":"https:\/\/special-boards.com\/en\/wp-json\/wp\/v2\/product_cat?post=11101"},{"taxonomy":"product_tag","embeddable":true,"href":"https:\/\/special-boards.com\/en\/wp-json\/wp\/v2\/product_tag?post=11101"}],"curies":[{"name":"wp","href":"https:\/\/api.w.org\/{rel}","templated":true}]}}