{"id":3394,"date":"2023-06-08T18:20:17","date_gmt":"2023-06-08T18:20:17","guid":{"rendered":"https:\/\/special-boards.com\/?post_type=product&#038;p=3394"},"modified":"2025-11-22T07:29:37","modified_gmt":"2025-11-22T07:29:37","slug":"kempo-arnis-cruiser-limited-edition","status":"publish","type":"product","link":"https:\/\/special-boards.com\/cz\/shop\/special-boards\/collaborations\/kempo-arnis-cruiser-limited-edition\/","title":{"rendered":"KEMPO ARNIS CRUISER (Limited Edition)"},"content":{"rendered":"<p>Rolko katero smo naredili v limitirani seriji je narejena iz najbolj kakovsotnih materialov ( 7 plasti kanadskega javorja in dve zelo tanki plasti ameri\u0161kega oreha). Dizajn rolke poudarja veli\u010dastni \u00a0zmaj, ki predstavlja mo\u010d, energijo in sre\u010do v azijski tradiciji. Sam legendarni Bruce Lee je po kitajskem znamnju zmaj in kot po naklju\u010dju sta ustanovitelja znamk Borut ( Kempo Arnis) in Bohanel ( Special Boards) tudi zmaja\u00a0<span class=\"x3nfvp2 x1j61x8r x1fcty0u xdj266r xhhsvwb xat24cr xgzva0m xxymvpz xlup9mm x1kky2od\"><img decoding=\"async\" src=\"https:\/\/static.xx.fbcdn.net\/images\/emoji.php\/v9\/t4c\/1\/16\/1f642.png\" alt=\"\ud83d\ude42\" width=\"16\" height=\"16\" \/><\/span><\/p>\n<p>Rolka je sestavljena iz vrhunskih koles Shark Wheels, ki naredijo vo\u017enjo bistveno bolj gladko voze\u010do na grobih povr\u0161inah. Na zgornji strani kjer stojimo ima lasersko vgravirane pismenke ( kempo arnis ). Rolka je primerna za za\u010detnike kot za profesionalce Cruiser board je namenjen hibridni vo\u017enji po mestu in z mo\u017enostjo izvajanja nekaj trikov. Prav tako je Cruiser rolka lahko namenjna kot notranji dekor v va\u0161em domu \ud83d\ude42<\/p>","protected":false},"excerpt":{"rendered":"<p><strong>LIMITED EDITION for 25 years of Kempo Arnis\u00a0<\/strong><\/p>\n<p>Osebni prevzem je mo\u017een v NM in LJ s predhodnim dogovorom na +38670569930. Rok izdelave od 2-4 tedne.<\/p>\n<ul>\n<li>Limited quantities available<\/li>\n<li>Handcrafted &amp; unique design<\/li>\n<li>150mm Aluminium Core trucks<\/li>\n<li>ABEC 9 bearings with inbuilt spacers and washers,<\/li>\n<li>60 mm Shark Wheels ( the best performing wheels over rough terrain)<\/li>\n<li>Size (Length 30&#8221; (78 cm), Width 10&#8221; (25 cm), WB : 17&#8221; (43cm )<\/li>\n<li>Black grip tape<\/li>\n<li>Inspired by Japanese traditional martial \u00a0arts<\/li>\n<\/ul>","protected":false},"featured_media":3387,"comment_status":"closed","ping_status":"closed","template":"","meta":{"om_disable_all_campaigns":false,"_monsterinsights_skip_tracking":false,"_monsterinsights_sitenote_active":false,"_monsterinsights_sitenote_note":"","_monsterinsights_sitenote_category":0},"product_brand":[],"product_cat":[25,35,33,64,20],"product_tag":[],"class_list":{"0":"post-3394","1":"product","2":"type-product","3":"status-publish","4":"has-post-thumbnail","6":"product_cat-boards","7":"product_cat-collaborations","8":"product_cat-cruisers","9":"product_cat-garage-sale","10":"product_cat-special-boards","11":"wpbf-post","14":"onbackorder","15":"sale","16":"shipping-taxable","17":"purchasable","18":"product-type-simple"},"aioseo_notices":[],"_links":{"self":[{"href":"https:\/\/special-boards.com\/cz\/wp-json\/wp\/v2\/product\/3394","targetHints":{"allow":["GET"]}}],"collection":[{"href":"https:\/\/special-boards.com\/cz\/wp-json\/wp\/v2\/product"}],"about":[{"href":"https:\/\/special-boards.com\/cz\/wp-json\/wp\/v2\/types\/product"}],"replies":[{"embeddable":true,"href":"https:\/\/special-boards.com\/cz\/wp-json\/wp\/v2\/comments?post=3394"}],"wp:featuredmedia":[{"embeddable":true,"href":"https:\/\/special-boards.com\/cz\/wp-json\/wp\/v2\/media\/3387"}],"wp:attachment":[{"href":"https:\/\/special-boards.com\/cz\/wp-json\/wp\/v2\/media?parent=3394"}],"wp:term":[{"taxonomy":"product_brand","embeddable":true,"href":"https:\/\/special-boards.com\/cz\/wp-json\/wp\/v2\/product_brand?post=3394"},{"taxonomy":"product_cat","embeddable":true,"href":"https:\/\/special-boards.com\/cz\/wp-json\/wp\/v2\/product_cat?post=3394"},{"taxonomy":"product_tag","embeddable":true,"href":"https:\/\/special-boards.com\/cz\/wp-json\/wp\/v2\/product_tag?post=3394"}],"curies":[{"name":"wp","href":"https:\/\/api.w.org\/{rel}","templated":true}]}}